{"id":621,"date":"2017-06-27T08:53:14","date_gmt":"2017-06-27T06:53:14","guid":{"rendered":"http:\/\/www.balti.pl\/?page_id=621"},"modified":"2024-01-05T18:14:39","modified_gmt":"2024-01-05T17:14:39","slug":"regulamin","status":"publish","type":"page","link":"https:\/\/www.balti.pl\/index.php\/regulamin\/","title":{"rendered":"Regulamin"},"content":{"rendered":"<div id=\"pl-621\"  class=\"panel-layout\" ><div id=\"pg-621-0\"  class=\"panel-grid panel-no-style\" ><div id=\"pgc-621-0-0\"  class=\"panel-grid-cell\" ><div id=\"panel-621-0-0-0\" class=\"so-panel widget widget_black-studio-tinymce widget_black_studio_tinymce panel-first-child panel-last-child\" data-index=\"0\" ><div class=\"textwidget\"><ol>\n<li>Wp\u0142ata zadatku jest r\u00f3wnoznaczna z akceptacj\u0105 warunk\u00f3w rezerwacji i regulaminu.<\/li>\n<li>Nale\u017cno\u015b\u0107 za pobyt pobierana jest w dniu przyjazdu, zgodnie z ustalonym przez Pa\u0144stwa terminem rezerwacji domku. W przypadku wcze\u015bniejszego wyjazdu ni\u017c w&nbsp;rezerwowanym przez Pa\u0144stwa terminie, nale\u017cno\u015b\u0107 za ca\u0142o\u015b\u0107 pobytu nie ulega zmianie. Zap\u0142ata za ca\u0142o\u015b\u0107 pobytu jest warunkiem wydania kluczy do&nbsp;wynajmowanego domku.<\/li>\n<li>W przypadku rezygnacji z zarezerwowanego pobytu, p\u00f3\u017aniejszego przyjazdu lub jego skr\u00f3cenia, op\u0142aty nie podlegaj\u0105 zwrotowi.<\/li>\n<li>Zadatek przepada w ca\u0142o\u015bci, w przypadku odwo\u0142ania przez klienta rezerwacji pobytowej.<\/li>\n<li>Doba hotelowa trwa od godzony 15.00 do godz. 10.00 dnia nast\u0119pnego.<\/li>\n<li>Na terenie o\u015brodka cisza nocna trwa od godz. 22.00 do 06.00.<\/li>\n<li>Parkowanie pojazd\u00f3w tylko w miejscu do tego przeznaczonym, na bezp\u0142atnym, niestrze\u017conym parkingu. Za pojazdy parkowane na terenie O\u015brodka w\u0142a\u015bciciel posesji nie ponosi odpowiedzialno\u015bci.<\/li>\n<li>Zabrania si\u0119 palenia grilla na tarasie domku.<\/li>\n<li>Przebywanie ps\u00f3w na terenie o\u015brodka jest dozwolone za wcze\u015bniejsz\u0105 zgod\u0105 w\u0142a\u015bciciela o\u015brodka. W\u0142a\u015bciciel psa zobowi\u0105zany jest dozorowa\u0107 psa i stosowa\u0107 si\u0119 do og\u00f3lnych wymaga\u0144 sanitarnych. Pobyt zwierz\u0119cia to dodatkowa op\u0142ata 20 z\u0142\/doba.<\/li>\n<li>Najemca i wczasowicze ponosz\u0105 pe\u0142n\u0105 odpowiedzialno\u015b\u0107 materialn\u0105 za przekazane mienie oraz za szkody wyrz\u0105dzone w domku oraz na terenie O\u015brodka. Pobierana kaucja s\u0142u\u017cy jako zabezpieczenie ewentualnych szk\u00f3d.<\/li>\n<li>Prosimy o zamykanie swoich domk\u00f3w na klucz \u2013 nie bierzemy odpowiedzialno\u015bci za pozostawione rzeczy na terenie ca\u0142ej posesji. Op\u0142ata za zagubienie kluczy wynosi 50&nbsp;z\u0142otych.<\/li>\n<li>Ze wzgl\u0119du na wymagania ochrony przeciw po\u017carowej, w o\u015brodku obowi\u0105zuje zakaz u\u017cywania jakichkolwiek urz\u0105dze\u0144 zasilanych energi\u0105 elektryczn\u0105, nie stanowi\u0105cych wyposa\u017cenia domu. Zabrania si\u0119 u\u017cywania dodatkowych urz\u0105dze\u0144 grzewczych oraz elektrycznych. Powy\u017csze nie&nbsp;dotyczy \u0142adowarek i&nbsp;zasilaczy urz\u0105dze\u0144 RTV oraz&nbsp;komputerowych.<\/li>\n<li>W przypadku zauwa\u017cenia jakichkolwiek nieprawid\u0142owo\u015bci lub usterek, prosimy o&nbsp;niezw\u0142oczne poinformowanie w\u0142a\u015bciciela obiektu.<\/li>\n<li>Kategorycznie zabrania si\u0119 palenia papieros\u00f3w w domku, w przeciwnym wypadku zostanie na\u0142o\u017cona kara w wysoko\u015bci 500 z\u0142.<\/li>\n<li>Dzieci bawi\u0105 si\u0119 na placu zabaw pod opiek\u0105 rodzic\u00f3w lub opiekun\u00f3w. Za&nbsp;bezpiecze\u0144stwo dzieci bawi\u0105cych si\u0119 na placu zabaw odpowiadaj\u0105 rodzice lub opiekunowie.<\/li>\n<li>O wszystkich sprawach nieuregulowanych niniejszym regulaminem decyduje w\u0142a\u015bciciel O\u015brodka.<\/li>\n<li>Na terenie o\u015brodka jest ogrodzony parking niestrze\u017cony.<\/li>\n<li>Zapoznanie si\u0119 z powy\u017cszym regulaminem jest obowi\u0105zkiem ka\u017cdego z go\u015bci. Nieznajomo\u015b\u0107 regulaminu nie zwalnia od przestrzegania zasad w nim zawartych.<\/li>\n<\/ol>\n<h1><div class=\"printfriendly pf-button  pf-alignleft\">\n                    <a href=\"https:\/\/www.balti.pl\/index.php\/regulamin\/?pfstyle=wp\" rel=\"nofollow\" onclick=\"\" title=\"Printer Friendly, PDF & Email\">\n                    <img src=\"https:\/\/cdn.printfriendly.com\/icons\/printfriendly-icon-md.png\" alt=\"Print Friendly, PDF & Email\" class=\"pf-button-img\" style=\"width: 16px;height: 16px;\"  \/><span id=\"printfriendly-text2\" class=\"pf-button-text\">Regulamin<\/span>\n                    <\/a>\n                <\/div><\/h1>\n<p>&nbsp;<\/p>\n<\/div><\/div><\/div><\/div><\/div>","protected":false},"excerpt":{"rendered":"<p>Wp\u0142ata zadatku jest r\u00f3wnoznaczna z akceptacj\u0105 warunk\u00f3w rezerwacji i regulaminu. Nale\u017cno\u015b\u0107 za pobyt pobierana jest w dniu przyjazdu, zgodnie z ustalonym przez Pa\u0144stwa terminem rezerwacji domku. W przypadku wcze\u015bniejszego wyjazdu ni\u017c w&nbsp;rezerwowanym przez Pa\u0144stwa terminie, nale\u017cno\u015b\u0107 za ca\u0142o\u015b\u0107 pobytu nie<\/p>\n","protected":false},"author":1,"featured_media":0,"parent":0,"menu_order":0,"comment_status":"closed","ping_status":"closed","template":"","meta":{"ngg_post_thumbnail":0},"_links":{"self":[{"href":"https:\/\/www.balti.pl\/index.php\/wp-json\/wp\/v2\/pages\/621"}],"collection":[{"href":"https:\/\/www.balti.pl\/index.php\/wp-json\/wp\/v2\/pages"}],"about":[{"href":"https:\/\/www.balti.pl\/index.php\/wp-json\/wp\/v2\/types\/page"}],"author":[{"embeddable":true,"href":"https:\/\/www.balti.pl\/index.php\/wp-json\/wp\/v2\/users\/1"}],"replies":[{"embeddable":true,"href":"https:\/\/www.balti.pl\/index.php\/wp-json\/wp\/v2\/comments?post=621"}],"version-history":[{"count":21,"href":"https:\/\/www.balti.pl\/index.php\/wp-json\/wp\/v2\/pages\/621\/revisions"}],"predecessor-version":[{"id":14213,"href":"https:\/\/www.balti.pl\/index.php\/wp-json\/wp\/v2\/pages\/621\/revisions\/14213"}],"wp:attachment":[{"href":"https:\/\/www.balti.pl\/index.php\/wp-json\/wp\/v2\/media?parent=621"}],"curies":[{"name":"wp","href":"https:\/\/api.w.org\/{rel}","templated":true}]}}